{"id":102144,"date":"2025-01-24T19:27:06","date_gmt":"2025-01-24T19:27:06","guid":{"rendered":"https:\/\/misterpool-sxm.com\/product\/cellule-renov-1l\/"},"modified":"2025-02-18T15:27:42","modified_gmt":"2025-02-18T15:27:42","slug":"cellule-renov-1l","status":"publish","type":"product","link":"https:\/\/misterpool-sxm.com\/fr\/produit\/cellule-renov-1l\/","title":{"rendered":"Cellule Renov 1L"},"content":{"rendered":"<p>Cell Renov est un liquide concentr\u00e9 qui <strong>nettoie et d\u00e9tartre <\/strong> en profondeur<strong>les cellules des \u00e9lectrolyseurs.<\/strong> Gr\u00e2ce \u00e0 ce produit, les cellules sont optimis\u00e9es et leur dur\u00e9e de vie est prolong\u00e9e.<\/p>\n<p>Ce produit est id\u00e9al pour les appareils fonctionnant par \u00e9lectrolyse du sel : Automatic <sup>SALT<\/sup>, Salt Relax <sup>\u00ae<\/sup><sup> <\/sup> \/ Salt Relax <sup>\u00ae<\/sup> PLUS et Salt Relax PRO \/ Salt Relax POWER .<\/p>\n<p>Disponible en bouteille de 1L.<\/p>\n","protected":false},"excerpt":{"rendered":"<p>Liquide concentr\u00e9, nettoyant, d\u00e9tartrant. Elimine le tartre et les d\u00e9p\u00f4ts accumul\u00e9s sur la cellule. R\u00e9tablit les performances maximales de la cellule.  <\/p>\n","protected":false},"featured_media":101497,"comment_status":"open","ping_status":"closed","template":"","meta":{"_et_pb_use_builder":"","_et_pb_old_content":"","_et_gb_content_width":""},"product_cat":[],"product_tag":[],"class_list":{"0":"post-102144","1":"product","2":"type-product","3":"status-publish","4":"has-post-thumbnail","7":"first","8":"instock","9":"shipping-taxable","10":"purchasable","11":"product-type-simple"},"_links":{"self":[{"href":"https:\/\/misterpool-sxm.com\/fr\/wp-json\/wp\/v2\/product\/102144","targetHints":{"allow":["GET"]}}],"collection":[{"href":"https:\/\/misterpool-sxm.com\/fr\/wp-json\/wp\/v2\/product"}],"about":[{"href":"https:\/\/misterpool-sxm.com\/fr\/wp-json\/wp\/v2\/types\/product"}],"replies":[{"embeddable":true,"href":"https:\/\/misterpool-sxm.com\/fr\/wp-json\/wp\/v2\/comments?post=102144"}],"wp:featuredmedia":[{"embeddable":true,"href":"https:\/\/misterpool-sxm.com\/fr\/wp-json\/wp\/v2\/media\/101497"}],"wp:attachment":[{"href":"https:\/\/misterpool-sxm.com\/fr\/wp-json\/wp\/v2\/media?parent=102144"}],"wp:term":[{"taxonomy":"product_cat","embeddable":true,"href":"https:\/\/misterpool-sxm.com\/fr\/wp-json\/wp\/v2\/product_cat?post=102144"},{"taxonomy":"product_tag","embeddable":true,"href":"https:\/\/misterpool-sxm.com\/fr\/wp-json\/wp\/v2\/product_tag?post=102144"}],"curies":[{"name":"wp","href":"https:\/\/api.w.org\/{rel}","templated":true}]}}