{"id":102145,"date":"2025-01-24T19:20:29","date_gmt":"2025-01-24T19:20:29","guid":{"rendered":"https:\/\/misterpool-sxm.com\/product\/spatime-granules-de-chlore-1kg\/"},"modified":"2025-02-18T16:39:36","modified_gmt":"2025-02-18T16:39:36","slug":"spatime-granules-de-chlore-1kg","status":"publish","type":"product","link":"https:\/\/misterpool-sxm.com\/fr\/produit\/spatime-granules-de-chlore-1kg\/","title":{"rendered":"SpaTime Granules de chlore 1kg"},"content":{"rendered":"<p>Les granul\u00e9s de chlore SpaTime sont hautement concentr\u00e9s en chlore actif. Au contact de l&rsquo;eau, ils se dissolvent <strong>rapidement<\/strong> et <strong>agissent imm\u00e9diatement<\/strong> contre les bact\u00e9ries, la turbidit\u00e9 et les impuret\u00e9s. <\/p>\n<p>Faciles \u00e0 utiliser, ils <strong>ne n\u00e9cessitent pas de pr\u00e9dissolution<\/strong> et ne g\u00e9n\u00e8rent pas de r\u00e9sidus.<br \/>\nDisponible en bo\u00eete de 1 kg.<\/p>\n","protected":false},"excerpt":{"rendered":"<p>Granul\u00e9s de chlore \u00e0 dissolution rapide pour la d\u00e9sinfection de l&rsquo;eau.<\/p>\n","protected":false},"featured_media":101491,"comment_status":"open","ping_status":"closed","template":"","meta":{"_et_pb_use_builder":"","_et_pb_old_content":"","_et_gb_content_width":""},"product_cat":[98,111],"product_tag":[],"class_list":{"0":"post-102145","1":"product","2":"type-product","3":"status-publish","4":"has-post-thumbnail","6":"product_cat-traitement-de-leau","7":"product_cat-gamme-particulier","9":"first","10":"instock","11":"shipping-taxable","12":"purchasable","13":"product-type-simple"},"_links":{"self":[{"href":"https:\/\/misterpool-sxm.com\/fr\/wp-json\/wp\/v2\/product\/102145","targetHints":{"allow":["GET"]}}],"collection":[{"href":"https:\/\/misterpool-sxm.com\/fr\/wp-json\/wp\/v2\/product"}],"about":[{"href":"https:\/\/misterpool-sxm.com\/fr\/wp-json\/wp\/v2\/types\/product"}],"replies":[{"embeddable":true,"href":"https:\/\/misterpool-sxm.com\/fr\/wp-json\/wp\/v2\/comments?post=102145"}],"wp:featuredmedia":[{"embeddable":true,"href":"https:\/\/misterpool-sxm.com\/fr\/wp-json\/wp\/v2\/media\/101491"}],"wp:attachment":[{"href":"https:\/\/misterpool-sxm.com\/fr\/wp-json\/wp\/v2\/media?parent=102145"}],"wp:term":[{"taxonomy":"product_cat","embeddable":true,"href":"https:\/\/misterpool-sxm.com\/fr\/wp-json\/wp\/v2\/product_cat?post=102145"},{"taxonomy":"product_tag","embeddable":true,"href":"https:\/\/misterpool-sxm.com\/fr\/wp-json\/wp\/v2\/product_tag?post=102145"}],"curies":[{"name":"wp","href":"https:\/\/api.w.org\/{rel}","templated":true}]}}