{"id":102148,"date":"2025-01-24T19:25:15","date_gmt":"2025-01-24T19:25:15","guid":{"rendered":"https:\/\/misterpool-sxm.com\/product\/desinfectant-spatime-plus\/"},"modified":"2025-02-18T16:39:49","modified_gmt":"2025-02-18T16:39:49","slug":"desinfectant-spatime-plus","status":"publish","type":"product","link":"https:\/\/misterpool-sxm.com\/fr\/produit\/desinfectant-spatime-plus\/","title":{"rendered":"D\u00e9sinfectant SpaTime Plus"},"content":{"rendered":"<p>La composition sp\u00e9ciale de SpaTime Disinfectant Plus pr\u00e9vient efficacement les <strong>probl\u00e8mes de traitement de l&rsquo;eau<\/strong> et maintient l&rsquo;eau cristalline.<br \/>\nIl s&rsquo;agit d&rsquo;un \u00e9l\u00e9ment essentiel de l&rsquo;entretien de l&rsquo;eau, quelle que soit la fr\u00e9quence d&rsquo;utilisation du spa. Le D\u00e9sinfectant Plus peut \u00e9galement \u00eatre utilis\u00e9 si l&rsquo;eau est trouble ou d\u00e9color\u00e9e. <\/p>\n<p>Gr\u00e2ce \u00e0 sa formulation sp\u00e9ciale, il <strong>\u00e9limine les chloramines<\/strong>, responsables de l&rsquo;odeur de chlore et de l&rsquo;irritation des yeux.<br \/>\nDe plus, vous pouvez <strong>r\u00e9utiliser votre spa 15 minutes seulement apr\u00e8s avoir<\/strong> ajout\u00e9 le produit.<\/p>\n<p>Le D\u00e9sinfectant Plus peut \u00eatre utilis\u00e9 avec toutes les m\u00e9thodes d&rsquo;entretien (chlore, brome, oxyg\u00e8ne actif, etc.)<br \/>\nDisponible en bo\u00eete de 0,14 kg (4 sachets).<\/p>\n","protected":false},"excerpt":{"rendered":"<p>Granul\u00e9s pour d\u00e9sinfecter l&rsquo;eau de votre spa. Disinfectant Plus \u00e9limine les chloramines et pr\u00e9vient les probl\u00e8mes d&rsquo;eau : eau color\u00e9e, eau trouble &#8230; <\/p>\n","protected":false},"featured_media":101495,"comment_status":"open","ping_status":"closed","template":"","meta":{"_et_pb_use_builder":"","_et_pb_old_content":"","_et_gb_content_width":""},"product_cat":[98,111],"product_tag":[],"class_list":{"0":"post-102148","1":"product","2":"type-product","3":"status-publish","4":"has-post-thumbnail","6":"product_cat-traitement-de-leau","7":"product_cat-gamme-particulier","9":"first","10":"instock","11":"shipping-taxable","12":"purchasable","13":"product-type-simple"},"_links":{"self":[{"href":"https:\/\/misterpool-sxm.com\/fr\/wp-json\/wp\/v2\/product\/102148","targetHints":{"allow":["GET"]}}],"collection":[{"href":"https:\/\/misterpool-sxm.com\/fr\/wp-json\/wp\/v2\/product"}],"about":[{"href":"https:\/\/misterpool-sxm.com\/fr\/wp-json\/wp\/v2\/types\/product"}],"replies":[{"embeddable":true,"href":"https:\/\/misterpool-sxm.com\/fr\/wp-json\/wp\/v2\/comments?post=102148"}],"wp:featuredmedia":[{"embeddable":true,"href":"https:\/\/misterpool-sxm.com\/fr\/wp-json\/wp\/v2\/media\/101495"}],"wp:attachment":[{"href":"https:\/\/misterpool-sxm.com\/fr\/wp-json\/wp\/v2\/media?parent=102148"}],"wp:term":[{"taxonomy":"product_cat","embeddable":true,"href":"https:\/\/misterpool-sxm.com\/fr\/wp-json\/wp\/v2\/product_cat?post=102148"},{"taxonomy":"product_tag","embeddable":true,"href":"https:\/\/misterpool-sxm.com\/fr\/wp-json\/wp\/v2\/product_tag?post=102148"}],"curies":[{"name":"wp","href":"https:\/\/api.w.org\/{rel}","templated":true}]}}