{"id":102153,"date":"2025-01-24T19:22:59","date_gmt":"2025-01-24T19:22:59","guid":{"rendered":"https:\/\/misterpool-sxm.com\/product\/chlore-pastilles-multifonction-spatime-1kg\/"},"modified":"2025-02-24T19:15:41","modified_gmt":"2025-02-24T19:15:41","slug":"chlore-pastilles-multifonction-spatime-1kg","status":"publish","type":"product","link":"https:\/\/misterpool-sxm.com\/fr\/produit\/chlore-pastilles-multifonction-spatime-1kg\/","title":{"rendered":"Chlore Pastilles Multifonction SpaTime 1kg"},"content":{"rendered":"<p>Les tablettes de chlore multifonction SpaTime <strong>se dissolvent lentement<\/strong> et r\u00e9guli\u00e8rement et sont comparables \u00e0 un entretien r\u00e9gulier au brome. Elles diffusent dans l&rsquo;eau du spa du chlore multi-fonctions qui <strong>agit durablement<\/strong> contre les <strong>bact\u00e9ries, la turbidit\u00e9 et les impuret\u00e9s<\/strong> pr\u00e9sentes dans l&rsquo;eau. <\/p>\n<p>Les tablettes de chlore multifonctions SpaTime <strong>limitent la prolif\u00e9ration des algues<\/strong> dans le spa. De plus, elles contiennent un stabilisateur de chlore qui <strong>emp\u00eache la d\u00e9gradation du d\u00e9sinfectant<\/strong> par les rayons UV dans le cas d&rsquo;un spa ext\u00e9rieur.<br \/>\nDisponible en bo\u00eete de 1 kg<\/p>\n","protected":false},"excerpt":{"rendered":"<p>Les tablettes de chlore multifonction SpaTime assurent un effet anti-algues et une d\u00e9sinfection permanente de l&rsquo;eau de votre spa gr\u00e2ce \u00e0 ses tablettes de chlore lent. Convient pour l&rsquo;entretien r\u00e9gulier de l&rsquo;eau de votre spa. <\/p>\n","protected":false},"featured_media":101493,"comment_status":"open","ping_status":"closed","template":"","meta":{"_et_pb_use_builder":"","_et_pb_old_content":"","_et_gb_content_width":""},"product_cat":[98,111],"product_tag":[],"class_list":{"0":"post-102153","1":"product","2":"type-product","3":"status-publish","4":"has-post-thumbnail","6":"product_cat-traitement-de-leau","7":"product_cat-gamme-particulier","9":"first","10":"instock","11":"shipping-taxable","12":"purchasable","13":"product-type-simple"},"_links":{"self":[{"href":"https:\/\/misterpool-sxm.com\/fr\/wp-json\/wp\/v2\/product\/102153","targetHints":{"allow":["GET"]}}],"collection":[{"href":"https:\/\/misterpool-sxm.com\/fr\/wp-json\/wp\/v2\/product"}],"about":[{"href":"https:\/\/misterpool-sxm.com\/fr\/wp-json\/wp\/v2\/types\/product"}],"replies":[{"embeddable":true,"href":"https:\/\/misterpool-sxm.com\/fr\/wp-json\/wp\/v2\/comments?post=102153"}],"wp:featuredmedia":[{"embeddable":true,"href":"https:\/\/misterpool-sxm.com\/fr\/wp-json\/wp\/v2\/media\/101493"}],"wp:attachment":[{"href":"https:\/\/misterpool-sxm.com\/fr\/wp-json\/wp\/v2\/media?parent=102153"}],"wp:term":[{"taxonomy":"product_cat","embeddable":true,"href":"https:\/\/misterpool-sxm.com\/fr\/wp-json\/wp\/v2\/product_cat?post=102153"},{"taxonomy":"product_tag","embeddable":true,"href":"https:\/\/misterpool-sxm.com\/fr\/wp-json\/wp\/v2\/product_tag?post=102153"}],"curies":[{"name":"wp","href":"https:\/\/api.w.org\/{rel}","templated":true}]}}