{"id":102158,"date":"2025-01-24T18:25:05","date_gmt":"2025-01-24T18:25:05","guid":{"rendered":"https:\/\/misterpool-sxm.com\/product\/ph-minus-6kg\/"},"modified":"2025-02-18T16:33:19","modified_gmt":"2025-02-18T16:33:19","slug":"ph-minus-6kg","status":"publish","type":"product","link":"https:\/\/misterpool-sxm.com\/fr\/produit\/ph-minus-6kg\/","title":{"rendered":"pH-Minus 6KG"},"content":{"rendered":"<p>-Minus est une poudre granuleuse de bisulfate de sodium de haute puret\u00e9 qui ne laisse pas l&rsquo;eau trouble. D\u00e9riv\u00e9 d&rsquo;un acide fort, il <strong>agit efficacement sur les<dfn class=\"onomasticon onomasticon-extra-element onomasticon-orientation-below onomasticon-cursor-default\" tabindex=\"0\" title=\"pH\"><button class=\"onomasticon-term-description\" disabled><\/button><\/dfn><\/strong> <\/p>\n<p><dfn class=\"onomasticon onomasticon-extra-element onomasticon-orientation-below onomasticon-cursor-default\" tabindex=\"0\" title=\"pH\"><button class=\"onomasticon-term-description\" disabled><\/button><\/dfn>et vous permet de retrouver rapidement votre niveau d&rsquo;\u00e9nergie.<dfn class=\"onomasticon onomasticon-extra-element onomasticon-orientation-below onomasticon-cursor-default\" tabindex=\"0\" title=\"pH\"><button class=\"onomasticon-term-description\" disabled><\/button><\/dfn><\/p>\n<p><dfn class=\"onomasticon onomasticon-extra-element onomasticon-orientation-below onomasticon-cursor-default\" tabindex=\"0\" title=\"pH\"><button class=\"onomasticon-term-description\" disabled><\/button><\/dfn>id\u00e9al (entre 7 et 7,4).<\/p>\n<p><dfn class=\"onomasticon onomasticon-extra-element onomasticon-orientation-below onomasticon-cursor-default\" tabindex=\"0\" title=\"pH\"><button class=\"onomasticon-term-description\" disabled><\/button><\/dfn>-Minus est <strong>compatible avec tous les traitements<\/strong> (brome, oxyg\u00e8ne actif, PHMB, etc.), tous les syst\u00e8mes de filtration (diatom\u00e9es, cartouches, sable, verre, etc.) et tous les rev\u00eatements (liner, carrelage, silico-marbre, polyester).<\/p>\n<p>Gr\u00e2ce au dispositif de dosage inclus dans le seau, la dose de<dfn class=\"onomasticon onomasticon-extra-element onomasticon-orientation-below onomasticon-cursor-default\" tabindex=\"0\" title=\"pH\"><button class=\"onomasticon-term-description\" disabled><\/button><\/dfn><\/p>\n<p><dfn class=\"onomasticon onomasticon-extra-element onomasticon-orientation-below onomasticon-cursor-default\" tabindex=\"0\" title=\"pH\"><button class=\"onomasticon-term-description\" disabled><\/button><\/dfn>-Minus est tr\u00e8s simple et la valeur de<dfn class=\"onomasticon onomasticon-extra-element onomasticon-orientation-below onomasticon-cursor-default\" tabindex=\"0\" title=\"pH\"><button class=\"onomasticon-term-description\" disabled><\/button><\/dfn><\/p>\n<p><dfn class=\"onomasticon onomasticon-extra-element onomasticon-orientation-below onomasticon-cursor-default\" tabindex=\"0\" title=\"pH\"><button class=\"onomasticon-term-description\" disabled><\/button><\/dfn>peut \u00eatre r\u00e9gl\u00e9e avec une grande pr\u00e9cision.<\/p>\n<p>Disponible en bo\u00eetes de 1,5 kg et en seaux de 6 kg et 18 kg (pour les collectivit\u00e9s).<\/p>\n","protected":false},"excerpt":{"rendered":"<p>Granul\u00e9s purs pour abaisser le pH des piscines au-dessus de 7,4. Id\u00e9al en cas de pH trop \u00e9lev\u00e9. Dosage pr\u00e9cis gr\u00e2ce au doseur inclus.  <\/p>\n","protected":false},"featured_media":101477,"comment_status":"open","ping_status":"closed","template":"","meta":{"_et_pb_use_builder":"","_et_pb_old_content":"","_et_gb_content_width":""},"product_cat":[98,111],"product_tag":[],"class_list":{"0":"post-102158","1":"product","2":"type-product","3":"status-publish","4":"has-post-thumbnail","6":"product_cat-traitement-de-leau","7":"product_cat-gamme-particulier","9":"first","10":"instock","11":"shipping-taxable","12":"purchasable","13":"product-type-simple"},"_links":{"self":[{"href":"https:\/\/misterpool-sxm.com\/fr\/wp-json\/wp\/v2\/product\/102158","targetHints":{"allow":["GET"]}}],"collection":[{"href":"https:\/\/misterpool-sxm.com\/fr\/wp-json\/wp\/v2\/product"}],"about":[{"href":"https:\/\/misterpool-sxm.com\/fr\/wp-json\/wp\/v2\/types\/product"}],"replies":[{"embeddable":true,"href":"https:\/\/misterpool-sxm.com\/fr\/wp-json\/wp\/v2\/comments?post=102158"}],"wp:featuredmedia":[{"embeddable":true,"href":"https:\/\/misterpool-sxm.com\/fr\/wp-json\/wp\/v2\/media\/101477"}],"wp:attachment":[{"href":"https:\/\/misterpool-sxm.com\/fr\/wp-json\/wp\/v2\/media?parent=102158"}],"wp:term":[{"taxonomy":"product_cat","embeddable":true,"href":"https:\/\/misterpool-sxm.com\/fr\/wp-json\/wp\/v2\/product_cat?post=102158"},{"taxonomy":"product_tag","embeddable":true,"href":"https:\/\/misterpool-sxm.com\/fr\/wp-json\/wp\/v2\/product_tag?post=102158"}],"curies":[{"name":"wp","href":"https:\/\/api.w.org\/{rel}","templated":true}]}}