{"id":102161,"date":"2025-01-24T19:00:50","date_gmt":"2025-01-24T19:00:50","guid":{"rendered":"https:\/\/misterpool-sxm.com\/product\/ph-plus-granules-25kg\/"},"modified":"2025-02-18T16:39:01","modified_gmt":"2025-02-18T16:39:01","slug":"ph-plus-granules-25kg","status":"publish","type":"product","link":"https:\/\/misterpool-sxm.com\/fr\/produit\/ph-plus-granules-25kg\/","title":{"rendered":"pH-Plus Granules 25kg"},"content":{"rendered":"<p>-Plus est compos\u00e9 de granul\u00e9s de carbonate de sodium alcalin soigneusement s\u00e9lectionn\u00e9s pour leur <strong>tr\u00e8s bonne dissolution<\/strong>. L&rsquo;eau ne se trouble pas. Les propri\u00e9t\u00e9s du carbonate de sodium sont bien connues pour leur <strong>capacit\u00e9 \u00e0 r\u00e9guler la temp\u00e9rature de l&rsquo;eau.<dfn class=\"onomasticon onomasticon-extra-element onomasticon-orientation-below onomasticon-cursor-default\" tabindex=\"0\" title=\"pH\"><button class=\"onomasticon-term-description\" disabled><\/button><\/dfn><\/strong>  <\/p>\n<p><strong><dfn class=\"onomasticon onomasticon-extra-element onomasticon-orientation-below onomasticon-cursor-default\" tabindex=\"0\" title=\"pH\"><button class=\"onomasticon-term-description\" disabled><\/button><\/dfn>l&rsquo;eau<\/strong>.<\/p>\n<p><dfn class=\"onomasticon onomasticon-extra-element onomasticon-orientation-below onomasticon-cursor-default\" tabindex=\"0\" title=\"pH\"><button class=\"onomasticon-term-description\" disabled><\/button><\/dfn>-Plus <strong>agit efficacement sur les<dfn class=\"onomasticon onomasticon-extra-element onomasticon-orientation-below onomasticon-cursor-default\" tabindex=\"0\" title=\"pH\"><button class=\"onomasticon-term-description\" disabled><\/button><\/dfn><\/strong><\/p>\n<p><strong><dfn class=\"onomasticon onomasticon-extra-element onomasticon-orientation-below onomasticon-cursor-default\" tabindex=\"0\" title=\"pH\"><button class=\"onomasticon-term-description\" disabled><\/button><\/dfn>piscine basse.  <\/strong>  Il permet d&rsquo;augmenter rapidement le niveau de<dfn class=\"onomasticon onomasticon-extra-element onomasticon-orientation-below onomasticon-cursor-default\" tabindex=\"0\" title=\"pH\"><button class=\"onomasticon-term-description\" disabled><\/button><\/dfn><\/p>\n<p><dfn class=\"onomasticon onomasticon-extra-element onomasticon-orientation-below onomasticon-cursor-default\" tabindex=\"0\" title=\"pH\"><button class=\"onomasticon-term-description\" disabled><\/button><\/dfn>de mani\u00e8re \u00e0 ce qu&rsquo;il soit compris entre 7.0 et 7.4.<dfn class=\"onomasticon onomasticon-extra-element onomasticon-orientation-below onomasticon-cursor-default\" tabindex=\"0\" title=\"pH\"><button class=\"onomasticon-term-description\" disabled><\/button><\/dfn><\/p>\n<p><dfn class=\"onomasticon onomasticon-extra-element onomasticon-orientation-below onomasticon-cursor-default\" tabindex=\"0\" title=\"pH\"><button class=\"onomasticon-term-description\" disabled><\/button><\/dfn>-Plus est <strong>compatible avec tous les traitements<\/strong> (brome, oxyg\u00e8ne actif, chlore, PHMB, etc.), tous les syst\u00e8mes de filtration (diatom\u00e9es, cartouches, sable, verre, etc.) et tous les rev\u00eatements (liner, carrelage, silico-marbre, polyester).<\/p>\n<p>Le seau de<dfn class=\"onomasticon onomasticon-extra-element onomasticon-orientation-below onomasticon-cursor-default\" tabindex=\"0\" title=\"pH\"><button class=\"onomasticon-term-description\" disabled><\/button><\/dfn><\/p>\n<p><dfn class=\"onomasticon onomasticon-extra-element onomasticon-orientation-below onomasticon-cursor-default\" tabindex=\"0\" title=\"pH\"><button class=\"onomasticon-term-description\" disabled><\/button><\/dfn>-Plus contient un dispositif de dosage qui facilite le dosage et vous permet d&rsquo;<strong>ajuster la valeur de la dose<\/strong>. <strong><dfn class=\"onomasticon onomasticon-extra-element onomasticon-orientation-below onomasticon-cursor-default\" tabindex=\"0\" title=\"pH\"><button class=\"onomasticon-term-description\" disabled><\/button><\/dfn><\/strong><\/p>\n<p><strong><dfn class=\"onomasticon onomasticon-extra-element onomasticon-orientation-below onomasticon-cursor-default\" tabindex=\"0\" title=\"pH\"><button class=\"onomasticon-term-description\" disabled><\/button><\/dfn>tr\u00e8s pr\u00e9cis\u00e9ment<\/strong>.<\/p>\n<p>Disponible en bo\u00eetes de 1,5 kg et en seaux de 1 kg, 5 kg et 25 kg (pour les collectivit\u00e9s)<\/p>\n","protected":false},"excerpt":{"rendered":"<p>Granul\u00e9s purs pour augmenter le pH en dessous de 7,0. Dosage pr\u00e9cis gr\u00e2ce au gobelet doseur inclus. <\/p>\n","protected":false},"featured_media":101481,"comment_status":"open","ping_status":"closed","template":"","meta":{"_et_pb_use_builder":"","_et_pb_old_content":"","_et_gb_content_width":""},"product_cat":[98,108],"product_tag":[],"class_list":{"0":"post-102161","1":"product","2":"type-product","3":"status-publish","4":"has-post-thumbnail","6":"product_cat-traitement-de-leau","7":"product_cat-gamme-professionnelle","9":"first","10":"instock","11":"sale","12":"shipping-taxable","13":"purchasable","14":"product-type-simple"},"_links":{"self":[{"href":"https:\/\/misterpool-sxm.com\/fr\/wp-json\/wp\/v2\/product\/102161","targetHints":{"allow":["GET"]}}],"collection":[{"href":"https:\/\/misterpool-sxm.com\/fr\/wp-json\/wp\/v2\/product"}],"about":[{"href":"https:\/\/misterpool-sxm.com\/fr\/wp-json\/wp\/v2\/types\/product"}],"replies":[{"embeddable":true,"href":"https:\/\/misterpool-sxm.com\/fr\/wp-json\/wp\/v2\/comments?post=102161"}],"wp:featuredmedia":[{"embeddable":true,"href":"https:\/\/misterpool-sxm.com\/fr\/wp-json\/wp\/v2\/media\/101481"}],"wp:attachment":[{"href":"https:\/\/misterpool-sxm.com\/fr\/wp-json\/wp\/v2\/media?parent=102161"}],"wp:term":[{"taxonomy":"product_cat","embeddable":true,"href":"https:\/\/misterpool-sxm.com\/fr\/wp-json\/wp\/v2\/product_cat?post=102161"},{"taxonomy":"product_tag","embeddable":true,"href":"https:\/\/misterpool-sxm.com\/fr\/wp-json\/wp\/v2\/product_tag?post=102161"}],"curies":[{"name":"wp","href":"https:\/\/api.w.org\/{rel}","templated":true}]}}