{"id":102166,"date":"2025-01-24T18:15:45","date_gmt":"2025-01-24T18:15:45","guid":{"rendered":"https:\/\/misterpool-sxm.com\/product\/bordnet-spray-1l\/"},"modified":"2025-02-18T15:24:48","modified_gmt":"2025-02-18T15:24:48","slug":"bordnet-spray-1l","status":"publish","type":"product","link":"https:\/\/misterpool-sxm.com\/fr\/produit\/bordnet-spray-1l\/","title":{"rendered":"Bordnet Spray 1L"},"content":{"rendered":"<p>Bordnet est un liquide pr\u00eat \u00e0 l&#8217;emploi sp\u00e9cialement formul\u00e9 pour <strong>\u00e9liminer les d\u00e9p\u00f4ts graisseux<\/strong> sur la ligne de flottaison. Sa formule alcaline concentr\u00e9e en principes actifs <strong>au pouvoir d\u00e9graissant<\/strong> \u00e9limine les r\u00e9sidus de cr\u00e8me solaire ou d&rsquo;huile, ainsi que les retomb\u00e9es de la pollution environnementale. <\/p>\n<p>Ce sont les graisses qui, apr\u00e8s avoir flott\u00e9 \u00e0 la surface de l&rsquo;eau, se collent aux parois et laissent une trace visible \u00e0 la ligne de flottaison de la piscine.<\/p>\n<p>Bordnet spray <strong>nettoie sans risque tous les types de rev\u00eatements<\/strong>: tuiles, liners ou coques polyester. Il permet \u00e9galement de nettoyer rapidement les skimmers. Il se rince facilement \u00e0 l&rsquo;eau de la piscine.  <\/p>\n<p>Disponible en bouteille de 1 L.<\/p>\n","protected":false},"excerpt":{"rendered":"<p>Spray liquide pr\u00eat \u00e0 l&#8217;emploi pour le nettoyage de la ligne d&rsquo;eau et de l&rsquo;int\u00e9rieur du skimmer de la piscine. Compatible avec tous les rev\u00eatements r\u00e9sistants aux produits alcalins. <\/p>\n","protected":false},"featured_media":101473,"comment_status":"open","ping_status":"closed","template":"","meta":{"_et_pb_use_builder":"","_et_pb_old_content":"","_et_gb_content_width":""},"product_cat":[98,111],"product_tag":[],"class_list":{"0":"post-102166","1":"product","2":"type-product","3":"status-publish","4":"has-post-thumbnail","6":"product_cat-traitement-de-leau","7":"product_cat-gamme-particulier","9":"first","10":"instock","11":"shipping-taxable","12":"purchasable","13":"product-type-simple"},"_links":{"self":[{"href":"https:\/\/misterpool-sxm.com\/fr\/wp-json\/wp\/v2\/product\/102166","targetHints":{"allow":["GET"]}}],"collection":[{"href":"https:\/\/misterpool-sxm.com\/fr\/wp-json\/wp\/v2\/product"}],"about":[{"href":"https:\/\/misterpool-sxm.com\/fr\/wp-json\/wp\/v2\/types\/product"}],"replies":[{"embeddable":true,"href":"https:\/\/misterpool-sxm.com\/fr\/wp-json\/wp\/v2\/comments?post=102166"}],"wp:featuredmedia":[{"embeddable":true,"href":"https:\/\/misterpool-sxm.com\/fr\/wp-json\/wp\/v2\/media\/101473"}],"wp:attachment":[{"href":"https:\/\/misterpool-sxm.com\/fr\/wp-json\/wp\/v2\/media?parent=102166"}],"wp:term":[{"taxonomy":"product_cat","embeddable":true,"href":"https:\/\/misterpool-sxm.com\/fr\/wp-json\/wp\/v2\/product_cat?post=102166"},{"taxonomy":"product_tag","embeddable":true,"href":"https:\/\/misterpool-sxm.com\/fr\/wp-json\/wp\/v2\/product_tag?post=102166"}],"curies":[{"name":"wp","href":"https:\/\/api.w.org\/{rel}","templated":true}]}}