{"id":102176,"date":"2025-01-24T18:02:08","date_gmt":"2025-01-24T18:02:08","guid":{"rendered":"https:\/\/misterpool-sxm.com\/product\/chlorilong-ultimate-7\/"},"modified":"2025-02-18T15:36:38","modified_gmt":"2025-02-18T15:36:38","slug":"chlorilong-ultimate-7","status":"publish","type":"product","link":"https:\/\/misterpool-sxm.com\/fr\/produit\/chlorilong-ultimate-7\/","title":{"rendered":"Chlorilong \u00ae ULTIMATE 7"},"content":{"rendered":"<p>Chlorilong <sub><sup>\u00ae<\/sup><\/sub> ULTIMATE 7 est une pastille de chlore de 300 g pour une utilisation en milieu hospitalier.<dfn class=\"onomasticon onomasticon-extra-element onomasticon-orientation-below onomasticon-cursor-default\" tabindex=\"0\" title=\"d\u00e9sinfection\"><button class=\"onomasticon-term-description\" disabled><\/button><\/dfn><\/p>\n<p><dfn class=\"onomasticon onomasticon-extra-element onomasticon-orientation-below onomasticon-cursor-default\" tabindex=\"0\" title=\"d\u00e9sinfection\"><button class=\"onomasticon-term-description\" disabled><\/button><\/dfn>l&rsquo;eau en 2 phases : traitement de choc des<dfn class=\"onomasticon onomasticon-extra-element onomasticon-orientation-below onomasticon-cursor-default\" tabindex=\"0\" title=\"filtre \u00e0 sable\"><button class=\"onomasticon-term-description\" disabled><\/button><\/dfn><\/p>\n<p><dfn class=\"onomasticon onomasticon-extra-element onomasticon-orientation-below onomasticon-cursor-default\" tabindex=\"0\" title=\"filtre \u00e0 sable\"><button class=\"onomasticon-term-description\" disabled><\/button><\/dfn>Et<dfn class=\"onomasticon onomasticon-extra-element onomasticon-orientation-below onomasticon-cursor-default\" tabindex=\"0\" title=\"d\u00e9sinfection\"><button class=\"onomasticon-term-description\" disabled><\/button><\/dfn><\/p>\n<p><strong><dfn class=\"onomasticon onomasticon-extra-element onomasticon-orientation-below onomasticon-cursor-default\" tabindex=\"0\" title=\"d\u00e9sinfection\"><button class=\"onomasticon-term-description\" disabled><\/button><\/dfn>piscine<\/strong> <strong>permanente<\/strong>. V\u00e9ritable multicouche, ce galet de derni\u00e8re g\u00e9n\u00e9ration contient \u00e9galement un floculant qui <strong>\u00e9limine les particules les plus fines<\/strong> ainsi qu&rsquo;un stabilisateur de duret\u00e9 pour \u00e9viter la pr\u00e9cipitation du calcaire. <\/p>\n<p>Chlorilong <sub><sup>\u00ae<\/sup> <\/sub>ULTIMATE 7 agit en 2 \u00e9tapes :<br \/>\nLa couche bleue <strong>se dissout en 10 minutes<\/strong> et d\u00e9sinfecte intensivement le filtre. Les impuret\u00e9s et les bact\u00e9ries sont tout simplement \u00e9radiqu\u00e9es.<br \/>\nLa couche blanche se dissout lentement et r\u00e9guli\u00e8rement pour fournir une eau de qualit\u00e9. <dfn class=\"onomasticon onomasticon-extra-element onomasticon-orientation-below onomasticon-cursor-default\" tabindex=\"0\" title=\"d\u00e9sinfection\"><button class=\"onomasticon-term-description\" disabled><\/button><\/dfn><\/p>\n<p><dfn class=\"onomasticon onomasticon-extra-element onomasticon-orientation-below onomasticon-cursor-default\" tabindex=\"0\" title=\"d\u00e9sinfection\"><button class=\"onomasticon-term-description\" disabled><\/button><\/dfn>l&rsquo;eau en continu.<\/p>\n<p>Sa formulation unique et compl\u00e8te permet d&rsquo;obtenir une qualit\u00e9 d&rsquo;eau sup\u00e9rieure.<br \/>\nNe contient pas d&rsquo;acide borique.<\/p>\n","protected":false},"excerpt":{"rendered":"<p>Pastilles de chlore \u00e0 7 fonctions pour une d\u00e9sinfection compl\u00e8te et r\u00e9guli\u00e8re de la piscine et du filtre. Biphas\u00e9es, ces pastilles de chlore comportent une couche \u00e0 dissolution lente et une couche \u00e0 dissolution rapide. Garantissent une eau saine et cristalline et respectent les rev\u00eatements.  <\/p>\n","protected":false},"featured_media":101463,"comment_status":"open","ping_status":"closed","template":"","meta":{"_et_pb_use_builder":"","_et_pb_old_content":"","_et_gb_content_width":""},"product_cat":[98,111],"product_tag":[],"class_list":{"0":"post-102176","1":"product","2":"type-product","3":"status-publish","4":"has-post-thumbnail","6":"product_cat-traitement-de-leau","7":"product_cat-gamme-particulier","9":"first","10":"instock","11":"shipping-taxable","12":"purchasable","13":"product-type-simple"},"_links":{"self":[{"href":"https:\/\/misterpool-sxm.com\/fr\/wp-json\/wp\/v2\/product\/102176","targetHints":{"allow":["GET"]}}],"collection":[{"href":"https:\/\/misterpool-sxm.com\/fr\/wp-json\/wp\/v2\/product"}],"about":[{"href":"https:\/\/misterpool-sxm.com\/fr\/wp-json\/wp\/v2\/types\/product"}],"replies":[{"embeddable":true,"href":"https:\/\/misterpool-sxm.com\/fr\/wp-json\/wp\/v2\/comments?post=102176"}],"wp:featuredmedia":[{"embeddable":true,"href":"https:\/\/misterpool-sxm.com\/fr\/wp-json\/wp\/v2\/media\/101463"}],"wp:attachment":[{"href":"https:\/\/misterpool-sxm.com\/fr\/wp-json\/wp\/v2\/media?parent=102176"}],"wp:term":[{"taxonomy":"product_cat","embeddable":true,"href":"https:\/\/misterpool-sxm.com\/fr\/wp-json\/wp\/v2\/product_cat?post=102176"},{"taxonomy":"product_tag","embeddable":true,"href":"https:\/\/misterpool-sxm.com\/fr\/wp-json\/wp\/v2\/product_tag?post=102176"}],"curies":[{"name":"wp","href":"https:\/\/api.w.org\/{rel}","templated":true}]}}