{"id":102191,"date":"2025-01-30T20:30:01","date_gmt":"2025-01-30T20:30:01","guid":{"rendered":"https:\/\/misterpool-sxm.com\/product\/floculant\/"},"modified":"2025-02-18T15:50:50","modified_gmt":"2025-02-18T15:50:50","slug":"floculant","status":"publish","type":"product","link":"https:\/\/misterpool-sxm.com\/fr\/produit\/floculant\/","title":{"rendered":"Floculant 9 comprim\u00e9s"},"content":{"rendered":"","protected":false},"excerpt":{"rendered":"<p>Plaquette thermoform\u00e9e de 9 comprim\u00e9s de 11 grammes, par carton de 20 pi\u00e8ces ou \u00e0 l&rsquo;unit\u00e9.<\/p>\n","protected":false},"featured_media":101579,"comment_status":"open","ping_status":"closed","template":"","meta":{"_et_pb_use_builder":"","_et_pb_old_content":"","_et_gb_content_width":""},"product_cat":[99,111],"product_tag":[],"class_list":{"0":"post-102191","1":"product","2":"type-product","3":"status-publish","4":"has-post-thumbnail","6":"product_cat-accessoires-et-autres","7":"product_cat-gamme-particulier","9":"first","10":"instock","11":"shipping-taxable","12":"purchasable","13":"product-type-simple"},"_links":{"self":[{"href":"https:\/\/misterpool-sxm.com\/fr\/wp-json\/wp\/v2\/product\/102191","targetHints":{"allow":["GET"]}}],"collection":[{"href":"https:\/\/misterpool-sxm.com\/fr\/wp-json\/wp\/v2\/product"}],"about":[{"href":"https:\/\/misterpool-sxm.com\/fr\/wp-json\/wp\/v2\/types\/product"}],"replies":[{"embeddable":true,"href":"https:\/\/misterpool-sxm.com\/fr\/wp-json\/wp\/v2\/comments?post=102191"}],"wp:featuredmedia":[{"embeddable":true,"href":"https:\/\/misterpool-sxm.com\/fr\/wp-json\/wp\/v2\/media\/101579"}],"wp:attachment":[{"href":"https:\/\/misterpool-sxm.com\/fr\/wp-json\/wp\/v2\/media?parent=102191"}],"wp:term":[{"taxonomy":"product_cat","embeddable":true,"href":"https:\/\/misterpool-sxm.com\/fr\/wp-json\/wp\/v2\/product_cat?post=102191"},{"taxonomy":"product_tag","embeddable":true,"href":"https:\/\/misterpool-sxm.com\/fr\/wp-json\/wp\/v2\/product_tag?post=102191"}],"curies":[{"name":"wp","href":"https:\/\/api.w.org\/{rel}","templated":true}]}}