{"id":102198,"date":"2025-01-30T20:21:56","date_gmt":"2025-01-30T20:21:56","guid":{"rendered":"https:\/\/misterpool-sxm.com\/product\/tetes-daspiration-a-8-roues\/"},"modified":"2025-02-24T19:00:56","modified_gmt":"2025-02-24T19:00:56","slug":"tetes-daspiration-a-8-roues","status":"publish","type":"product","link":"https:\/\/misterpool-sxm.com\/fr\/produit\/tetes-daspiration-a-8-roues\/","title":{"rendered":"T\u00eates d&rsquo;aspiration \u00e0 8 roues"},"content":{"rendered":"","protected":false},"excerpt":{"rendered":"<p>Piscine en b\u00e9ton, par carton de 12 pi\u00e8ces<\/p>\n","protected":false},"featured_media":101575,"comment_status":"open","ping_status":"closed","template":"","meta":{"_et_pb_use_builder":"","_et_pb_old_content":"","_et_gb_content_width":""},"product_cat":[99,111],"product_tag":[],"class_list":{"0":"post-102198","1":"product","2":"type-product","3":"status-publish","4":"has-post-thumbnail","6":"product_cat-accessoires-et-autres","7":"product_cat-gamme-particulier","9":"first","10":"instock","11":"shipping-taxable","12":"purchasable","13":"product-type-simple"},"_links":{"self":[{"href":"https:\/\/misterpool-sxm.com\/fr\/wp-json\/wp\/v2\/product\/102198","targetHints":{"allow":["GET"]}}],"collection":[{"href":"https:\/\/misterpool-sxm.com\/fr\/wp-json\/wp\/v2\/product"}],"about":[{"href":"https:\/\/misterpool-sxm.com\/fr\/wp-json\/wp\/v2\/types\/product"}],"replies":[{"embeddable":true,"href":"https:\/\/misterpool-sxm.com\/fr\/wp-json\/wp\/v2\/comments?post=102198"}],"wp:featuredmedia":[{"embeddable":true,"href":"https:\/\/misterpool-sxm.com\/fr\/wp-json\/wp\/v2\/media\/101575"}],"wp:attachment":[{"href":"https:\/\/misterpool-sxm.com\/fr\/wp-json\/wp\/v2\/media?parent=102198"}],"wp:term":[{"taxonomy":"product_cat","embeddable":true,"href":"https:\/\/misterpool-sxm.com\/fr\/wp-json\/wp\/v2\/product_cat?post=102198"},{"taxonomy":"product_tag","embeddable":true,"href":"https:\/\/misterpool-sxm.com\/fr\/wp-json\/wp\/v2\/product_tag?post=102198"}],"curies":[{"name":"wp","href":"https:\/\/api.w.org\/{rel}","templated":true}]}}