{"id":102229,"date":"2025-01-25T17:59:43","date_gmt":"2025-01-25T17:59:43","guid":{"rendered":"https:\/\/misterpool-sxm.com\/product\/eponge-pour-ligne-de-flottaison\/"},"modified":"2025-02-18T16:53:35","modified_gmt":"2025-02-18T16:53:35","slug":"eponge-pour-ligne-de-flottaison","status":"publish","type":"product","link":"https:\/\/misterpool-sxm.com\/fr\/produit\/eponge-pour-ligne-de-flottaison\/","title":{"rendered":"\u00c9ponge"},"content":{"rendered":"","protected":false},"excerpt":{"rendered":"<p>par bo\u00eete de 12 pi\u00e8ces<\/p>\n","protected":false},"featured_media":101547,"comment_status":"open","ping_status":"closed","template":"","meta":{"_et_pb_use_builder":"","_et_pb_old_content":"","_et_gb_content_width":""},"product_cat":[99,111],"product_tag":[],"class_list":{"0":"post-102229","1":"product","2":"type-product","3":"status-publish","4":"has-post-thumbnail","6":"product_cat-accessoires-et-autres","7":"product_cat-gamme-particulier","9":"first","10":"instock","11":"shipping-taxable","12":"purchasable","13":"product-type-simple"},"_links":{"self":[{"href":"https:\/\/misterpool-sxm.com\/fr\/wp-json\/wp\/v2\/product\/102229","targetHints":{"allow":["GET"]}}],"collection":[{"href":"https:\/\/misterpool-sxm.com\/fr\/wp-json\/wp\/v2\/product"}],"about":[{"href":"https:\/\/misterpool-sxm.com\/fr\/wp-json\/wp\/v2\/types\/product"}],"replies":[{"embeddable":true,"href":"https:\/\/misterpool-sxm.com\/fr\/wp-json\/wp\/v2\/comments?post=102229"}],"wp:featuredmedia":[{"embeddable":true,"href":"https:\/\/misterpool-sxm.com\/fr\/wp-json\/wp\/v2\/media\/101547"}],"wp:attachment":[{"href":"https:\/\/misterpool-sxm.com\/fr\/wp-json\/wp\/v2\/media?parent=102229"}],"wp:term":[{"taxonomy":"product_cat","embeddable":true,"href":"https:\/\/misterpool-sxm.com\/fr\/wp-json\/wp\/v2\/product_cat?post=102229"},{"taxonomy":"product_tag","embeddable":true,"href":"https:\/\/misterpool-sxm.com\/fr\/wp-json\/wp\/v2\/product_tag?post=102229"}],"curies":[{"name":"wp","href":"https:\/\/api.w.org\/{rel}","templated":true}]}}