{"id":102234,"date":"2025-01-25T10:22:40","date_gmt":"2025-01-25T10:22:40","guid":{"rendered":"https:\/\/misterpool-sxm.com\/product\/brosse-murale-45cm\/"},"modified":"2025-02-18T16:53:35","modified_gmt":"2025-02-18T16:53:35","slug":"brosse-murale-45cm","status":"publish","type":"product","link":"https:\/\/misterpool-sxm.com\/fr\/produit\/brosse-murale-45cm\/","title":{"rendered":"Brosse murale 45cm"},"content":{"rendered":"","protected":false},"excerpt":{"rendered":"<p>par bo\u00eete de 12 pi\u00e8ces ou \u00e0 l&rsquo;unit\u00e9<\/p>\n","protected":false},"featured_media":101539,"comment_status":"open","ping_status":"closed","template":"","meta":{"_et_pb_use_builder":"","_et_pb_old_content":"","_et_gb_content_width":""},"product_cat":[99,111],"product_tag":[],"class_list":{"0":"post-102234","1":"product","2":"type-product","3":"status-publish","4":"has-post-thumbnail","6":"product_cat-accessoires-et-autres","7":"product_cat-gamme-particulier","9":"first","10":"instock","11":"shipping-taxable","12":"purchasable","13":"product-type-simple"},"_links":{"self":[{"href":"https:\/\/misterpool-sxm.com\/fr\/wp-json\/wp\/v2\/product\/102234","targetHints":{"allow":["GET"]}}],"collection":[{"href":"https:\/\/misterpool-sxm.com\/fr\/wp-json\/wp\/v2\/product"}],"about":[{"href":"https:\/\/misterpool-sxm.com\/fr\/wp-json\/wp\/v2\/types\/product"}],"replies":[{"embeddable":true,"href":"https:\/\/misterpool-sxm.com\/fr\/wp-json\/wp\/v2\/comments?post=102234"}],"wp:featuredmedia":[{"embeddable":true,"href":"https:\/\/misterpool-sxm.com\/fr\/wp-json\/wp\/v2\/media\/101539"}],"wp:attachment":[{"href":"https:\/\/misterpool-sxm.com\/fr\/wp-json\/wp\/v2\/media?parent=102234"}],"wp:term":[{"taxonomy":"product_cat","embeddable":true,"href":"https:\/\/misterpool-sxm.com\/fr\/wp-json\/wp\/v2\/product_cat?post=102234"},{"taxonomy":"product_tag","embeddable":true,"href":"https:\/\/misterpool-sxm.com\/fr\/wp-json\/wp\/v2\/product_tag?post=102234"}],"curies":[{"name":"wp","href":"https:\/\/api.w.org\/{rel}","templated":true}]}}