{"id":102250,"date":"2025-01-24T20:17:11","date_gmt":"2025-01-24T20:17:11","guid":{"rendered":"https:\/\/misterpool-sxm.com\/product\/etiquette-de-fond\/"},"modified":"2025-02-24T20:13:06","modified_gmt":"2025-02-24T20:13:06","slug":"etiquette-de-fond","status":"publish","type":"product","link":"https:\/\/misterpool-sxm.com\/fr\/produit\/etiquette-de-fond\/","title":{"rendered":"Epuisette de fond"},"content":{"rendered":"<p>Le filet de fond est fabriqu\u00e9 en PVC et en aluminium pour assurer <strong>l\u00e9g\u00e8ret\u00e9, robustesse et long\u00e9vit\u00e9<\/strong>. D&rsquo;une largeur de 50cm, il se distingue par une raclette moul\u00e9e sur le cadre de 5cm qui vous permettra de vraiment mieux <strong>ramasser les d\u00e9bris au fond de la piscine<\/strong>. Cette raclette souple va frotter le fond de la piscine pour mieux ramasser les d\u00e9bris. C&rsquo;est la 3\u00e8me version de cette \u00e9puisette qui est vraiment optimis\u00e9e et qui vous facilitera ce travail fastidieux de nettoyage du fond de la piscine.<\/p>\n","protected":false},"excerpt":{"rendered":"<p>Filet de fond de 50 cm de large avec raclette de 5 cm pour mieux collecter les feuilles et les salet\u00e9s au fond, id\u00e9al pour un nettoyage complet de votre piscine.<\/p>\n","protected":false},"featured_media":101525,"comment_status":"open","ping_status":"closed","template":"","meta":{"_et_pb_use_builder":"","_et_pb_old_content":"","_et_gb_content_width":""},"product_cat":[99,111],"product_tag":[],"class_list":{"0":"post-102250","1":"product","2":"type-product","3":"status-publish","4":"has-post-thumbnail","6":"product_cat-accessoires-et-autres","7":"product_cat-gamme-particulier","9":"first","10":"instock","11":"shipping-taxable","12":"purchasable","13":"product-type-simple"},"_links":{"self":[{"href":"https:\/\/misterpool-sxm.com\/fr\/wp-json\/wp\/v2\/product\/102250","targetHints":{"allow":["GET"]}}],"collection":[{"href":"https:\/\/misterpool-sxm.com\/fr\/wp-json\/wp\/v2\/product"}],"about":[{"href":"https:\/\/misterpool-sxm.com\/fr\/wp-json\/wp\/v2\/types\/product"}],"replies":[{"embeddable":true,"href":"https:\/\/misterpool-sxm.com\/fr\/wp-json\/wp\/v2\/comments?post=102250"}],"wp:featuredmedia":[{"embeddable":true,"href":"https:\/\/misterpool-sxm.com\/fr\/wp-json\/wp\/v2\/media\/101525"}],"wp:attachment":[{"href":"https:\/\/misterpool-sxm.com\/fr\/wp-json\/wp\/v2\/media?parent=102250"}],"wp:term":[{"taxonomy":"product_cat","embeddable":true,"href":"https:\/\/misterpool-sxm.com\/fr\/wp-json\/wp\/v2\/product_cat?post=102250"},{"taxonomy":"product_tag","embeddable":true,"href":"https:\/\/misterpool-sxm.com\/fr\/wp-json\/wp\/v2\/product_tag?post=102250"}],"curies":[{"name":"wp","href":"https:\/\/api.w.org\/{rel}","templated":true}]}}