{"id":102262,"date":"2025-01-24T19:50:37","date_gmt":"2025-01-24T19:50:37","guid":{"rendered":"https:\/\/misterpool-sxm.com\/product\/desalgin-classic-1l\/"},"modified":"2025-02-18T15:52:59","modified_gmt":"2025-02-18T15:52:59","slug":"desalgin-classic-1l","status":"publish","type":"product","link":"https:\/\/misterpool-sxm.com\/fr\/produit\/desalgin-classic-1l\/","title":{"rendered":"Desalgin \u00ae CLASSIC 1L"},"content":{"rendered":"<p>Desalgin <sub><sup>\u00ae<\/sup><\/sub> CLASSIC est un liquide concentr\u00e9 peu moussant avec<\/p>\n<p><dfn class=\"onomasticon onomasticon-extra-element onomasticon-orientation-below onomasticon-cursor-default\" tabindex=\"0\" title=\"pH\"><button class=\"onomasticon-term-description\" disabled><\/button><\/dfn><dfn class=\"onomasticon onomasticon-extra-element onomasticon-orientation-below onomasticon-cursor-default\" tabindex=\"0\" title=\"pH\"><button class=\"onomasticon-term-description\" disabled><\/button><\/dfn>neutre.<\/p>\n<p>Utilis\u00e9 r\u00e9guli\u00e8rement, il pr\u00e9vient efficacement le d\u00e9veloppement et la prolif\u00e9ration des algues. De plus, Desalgin <sub><sup>\u00ae<\/sup><\/sub> CLASSIC contient un principe actif qui aide \u00e0 <strong>clarifier l&rsquo;eau et \u00e0 la rendre plus transparente<\/strong>. Si vous avez un probl\u00e8me d&rsquo;eau verte, suivez les \u00e9tapes suivantes pour r\u00e9soudre votre probl\u00e8me d&rsquo;eau : <a href=\"https:\/\/www.bayrol.fr\/nos-solutions\/algues-vertes\" target=\"_blank\" rel=\"noopener\">Des algues vertes dans l&rsquo;eau de ma piscine&#8230; que dois-je faire ?<\/a>  <\/p>\n<p>Sa formule est compatible avec tous les d\u00e9sinfectants.<br \/>\nDesalgin <sub><sup>\u00ae<\/sup><\/sub> CLASSIC ne contient pas de sulfate de cuivre et est sans danger pour les rev\u00eatements.<\/p>\n<p>Disponible en bouteille de 1 L et en bidons de 3 L, 6 L et 10 L.<\/p>\n","protected":false},"excerpt":{"rendered":"<p>Algicide liquide concentr\u00e9 pour pr\u00e9venir le d\u00e9veloppement et la prolif\u00e9ration des algues (algues vertes, algues noires, etc.) dans la piscine. Effet clarifiant int\u00e9gr\u00e9. <\/p>\n","protected":false},"featured_media":101519,"comment_status":"open","ping_status":"closed","template":"","meta":{"_et_pb_use_builder":"","_et_pb_old_content":"","_et_gb_content_width":""},"product_cat":[98,111],"product_tag":[],"class_list":{"0":"post-102262","1":"product","2":"type-product","3":"status-publish","4":"has-post-thumbnail","6":"product_cat-traitement-de-leau","7":"product_cat-gamme-particulier","9":"first","10":"instock","11":"shipping-taxable","12":"purchasable","13":"product-type-simple"},"_links":{"self":[{"href":"https:\/\/misterpool-sxm.com\/fr\/wp-json\/wp\/v2\/product\/102262","targetHints":{"allow":["GET"]}}],"collection":[{"href":"https:\/\/misterpool-sxm.com\/fr\/wp-json\/wp\/v2\/product"}],"about":[{"href":"https:\/\/misterpool-sxm.com\/fr\/wp-json\/wp\/v2\/types\/product"}],"replies":[{"embeddable":true,"href":"https:\/\/misterpool-sxm.com\/fr\/wp-json\/wp\/v2\/comments?post=102262"}],"wp:featuredmedia":[{"embeddable":true,"href":"https:\/\/misterpool-sxm.com\/fr\/wp-json\/wp\/v2\/media\/101519"}],"wp:attachment":[{"href":"https:\/\/misterpool-sxm.com\/fr\/wp-json\/wp\/v2\/media?parent=102262"}],"wp:term":[{"taxonomy":"product_cat","embeddable":true,"href":"https:\/\/misterpool-sxm.com\/fr\/wp-json\/wp\/v2\/product_cat?post=102262"},{"taxonomy":"product_tag","embeddable":true,"href":"https:\/\/misterpool-sxm.com\/fr\/wp-json\/wp\/v2\/product_tag?post=102262"}],"curies":[{"name":"wp","href":"https:\/\/api.w.org\/{rel}","templated":true}]}}