{"id":102265,"date":"2025-01-24T19:44:36","date_gmt":"2025-01-24T19:44:36","guid":{"rendered":"https:\/\/misterpool-sxm.com\/product\/desalgin-g20-10kg\/"},"modified":"2025-02-18T15:54:48","modified_gmt":"2025-02-18T15:54:48","slug":"desalgin-g20-10kg","status":"publish","type":"product","link":"https:\/\/misterpool-sxm.com\/fr\/produit\/desalgin-g20-10kg\/","title":{"rendered":"Desalgin \u00ae G20 10kg"},"content":{"rendered":"<p>Desalgin <sub><sup>\u00ae<\/sup><\/sub> G20 est un <strong>anti-algues liquide, concentr\u00e9 et non moussant, avec<dfn class=\"onomasticon onomasticon-extra-element onomasticon-orientation-below onomasticon-cursor-default\" tabindex=\"0\" title=\"pH\"><button class=\"onomasticon-term-description\" disabled><\/button><\/dfn><\/strong><\/p>\n<p><strong><dfn class=\"onomasticon onomasticon-extra-element onomasticon-orientation-below onomasticon-cursor-default\" tabindex=\"0\" title=\"pH\"><button class=\"onomasticon-term-description\" disabled><\/button><\/dfn>neutre.<\/strong><br \/>\nDesalgin <sub><sup>\u00ae<\/sup><\/sub> G 20 est particuli\u00e8rement adapt\u00e9 aux piscines de loisirs, aux eaux fortement m\u00e9lang\u00e9es, aux piscines \u00e9quip\u00e9es de nage \u00e0 contre-courant et aux spas.<\/p>\n<p>Le pr\u00e9sent<dfn class=\"onomasticon onomasticon-extra-element onomasticon-orientation-below onomasticon-cursor-default\" tabindex=\"0\" title=\"algicide\"><button class=\"onomasticon-term-description\" disabled><\/button><\/dfn><\/p>\n<p><dfn class=\"onomasticon onomasticon-extra-element onomasticon-orientation-below onomasticon-cursor-default\" tabindex=\"0\" title=\"algicide\"><button class=\"onomasticon-term-description\" disabled><\/button><\/dfn>pr\u00e9ventif est utilis\u00e9 en <strong>traitement hebdomadaire<\/strong>. Sa formule est <strong>sans chlore actif<\/strong>, et ne contient pas de sulfate de cuivre <strong>ni de m\u00e9taux lourds<\/strong>. Desalgin <sub><sup>\u00ae<\/sup><\/sub> G 20 est sans danger pour les rev\u00eatements et est <strong>compatible avec toutes les m\u00e9thodes de traitement. <\/strong> \u00c9quip\u00e9 d&rsquo;un  <strong> <dfn class=\"onomasticon onomasticon-extra-element onomasticon-orientation-below onomasticon-cursor-default\" tabindex=\"0\" title=\"effet clarifiant\"><button class=\"onomasticon-term-description\" disabled><\/button><\/dfn><\/strong><\/p>\n<p><strong><dfn class=\"onomasticon onomasticon-extra-element onomasticon-orientation-below onomasticon-cursor-default\" tabindex=\"0\" title=\"effet clarifiant\"><button class=\"onomasticon-term-description\" disabled><\/button><\/dfn>Desalgin <\/strong> <strong>, <\/strong> Desalgin <sub><sup>\u00ae<\/sup><\/sub> G 20 rend l&rsquo;eau plus claire.<br \/>\nContient : Combinaison de polym\u00e8res cationiques<\/p>\n<p>Emballage approuv\u00e9 par les Nations Unies.<\/p>\n<p>Disponible en f\u00fbts de 10 kg.<\/p>\n","protected":false},"excerpt":{"rendered":"<p>Liquide concentr\u00e9 anti-algues tr\u00e8s actif, non moussant, \u00e0 action pr\u00e9ventive pour emp\u00eacher le d\u00e9veloppement et la prolif\u00e9ration des algues. Id\u00e9al pour les piscines de loisirs et les eaux fortement m\u00e9lang\u00e9es. <\/p>\n","protected":false},"featured_media":101513,"comment_status":"open","ping_status":"closed","template":"","meta":{"_et_pb_use_builder":"","_et_pb_old_content":"","_et_gb_content_width":""},"product_cat":[98,108],"product_tag":[],"class_list":{"0":"post-102265","1":"product","2":"type-product","3":"status-publish","4":"has-post-thumbnail","6":"product_cat-traitement-de-leau","7":"product_cat-gamme-professionnelle","9":"first","10":"instock","11":"shipping-taxable","12":"purchasable","13":"product-type-simple"},"_links":{"self":[{"href":"https:\/\/misterpool-sxm.com\/fr\/wp-json\/wp\/v2\/product\/102265","targetHints":{"allow":["GET"]}}],"collection":[{"href":"https:\/\/misterpool-sxm.com\/fr\/wp-json\/wp\/v2\/product"}],"about":[{"href":"https:\/\/misterpool-sxm.com\/fr\/wp-json\/wp\/v2\/types\/product"}],"replies":[{"embeddable":true,"href":"https:\/\/misterpool-sxm.com\/fr\/wp-json\/wp\/v2\/comments?post=102265"}],"wp:featuredmedia":[{"embeddable":true,"href":"https:\/\/misterpool-sxm.com\/fr\/wp-json\/wp\/v2\/media\/101513"}],"wp:attachment":[{"href":"https:\/\/misterpool-sxm.com\/fr\/wp-json\/wp\/v2\/media?parent=102265"}],"wp:term":[{"taxonomy":"product_cat","embeddable":true,"href":"https:\/\/misterpool-sxm.com\/fr\/wp-json\/wp\/v2\/product_cat?post=102265"},{"taxonomy":"product_tag","embeddable":true,"href":"https:\/\/misterpool-sxm.com\/fr\/wp-json\/wp\/v2\/product_tag?post=102265"}],"curies":[{"name":"wp","href":"https:\/\/api.w.org\/{rel}","templated":true}]}}