{"id":102267,"date":"2025-01-24T19:38:07","date_gmt":"2025-01-24T19:38:07","guid":{"rendered":"https:\/\/misterpool-sxm.com\/product\/nophos-1l\/"},"modified":"2025-02-18T16:57:27","modified_gmt":"2025-02-18T16:57:27","slug":"nophos-1l","status":"publish","type":"product","link":"https:\/\/misterpool-sxm.com\/fr\/produit\/nophos-1l\/","title":{"rendered":"Nophos 1L"},"content":{"rendered":"<p>Nophos pr\u00e9vient efficacement le <strong>d\u00e9veloppement des algues<\/strong> en agissant directement sur les phosphates dont elles se nourrissent. Sa formulation est fortement concentr\u00e9e en lanthane, un compos\u00e9 chimique qui fixe et agglom\u00e8re les phosphates afin qu&rsquo;ils soient retenus par le filtre puis \u00e9limin\u00e9s. <\/p>\n<p>Nophos <strong>est utilis\u00e9 en traitement curatif<\/strong> en cas de probl\u00e8mes r\u00e9guliers d&rsquo;algues ou de pr\u00e9sence importante de phosphates dans l&rsquo;eau (&gt; 0,1 mg\/l). Nophos peut \u00e9galement \u00eatre utilis\u00e9 en traitement pr\u00e9ventif hebdomadaire pour les piscines \u00e9quip\u00e9es de filtres \u00e0 cartouche ou \u00e0 diatom\u00e9es. <\/p>\n<p>Nophos est <strong>compatible avec toutes les m\u00e9thodes de traitement<\/strong> et <strong>tous les<\/strong> syst\u00e8mes de filtration.<\/p>\n<p>Disponible en bidons de 1L et 20L (pour les collectivit\u00e9s).<\/p>\n","protected":false},"excerpt":{"rendered":"<p>Liquide super-concentr\u00e9 pour \u00e9liminer les phosphates pr\u00e9sents dans l&rsquo;eau. Pr\u00e9vient le d\u00e9veloppement des algues vertes dans votre piscine. <\/p>\n","protected":false},"featured_media":101507,"comment_status":"open","ping_status":"closed","template":"","meta":{"_et_pb_use_builder":"","_et_pb_old_content":"","_et_gb_content_width":""},"product_cat":[98,111],"product_tag":[],"class_list":{"0":"post-102267","1":"product","2":"type-product","3":"status-publish","4":"has-post-thumbnail","6":"product_cat-traitement-de-leau","7":"product_cat-gamme-particulier","9":"first","10":"instock","11":"shipping-taxable","12":"purchasable","13":"product-type-simple"},"_links":{"self":[{"href":"https:\/\/misterpool-sxm.com\/fr\/wp-json\/wp\/v2\/product\/102267","targetHints":{"allow":["GET"]}}],"collection":[{"href":"https:\/\/misterpool-sxm.com\/fr\/wp-json\/wp\/v2\/product"}],"about":[{"href":"https:\/\/misterpool-sxm.com\/fr\/wp-json\/wp\/v2\/types\/product"}],"replies":[{"embeddable":true,"href":"https:\/\/misterpool-sxm.com\/fr\/wp-json\/wp\/v2\/comments?post=102267"}],"wp:featuredmedia":[{"embeddable":true,"href":"https:\/\/misterpool-sxm.com\/fr\/wp-json\/wp\/v2\/media\/101507"}],"wp:attachment":[{"href":"https:\/\/misterpool-sxm.com\/fr\/wp-json\/wp\/v2\/media?parent=102267"}],"wp:term":[{"taxonomy":"product_cat","embeddable":true,"href":"https:\/\/misterpool-sxm.com\/fr\/wp-json\/wp\/v2\/product_cat?post=102267"},{"taxonomy":"product_tag","embeddable":true,"href":"https:\/\/misterpool-sxm.com\/fr\/wp-json\/wp\/v2\/product_tag?post=102267"}],"curies":[{"name":"wp","href":"https:\/\/api.w.org\/{rel}","templated":true}]}}