{"id":102269,"date":"2025-01-24T19:42:33","date_gmt":"2025-01-24T19:42:33","guid":{"rendered":"https:\/\/misterpool-sxm.com\/product\/chlorifix-1kg\/"},"modified":"2025-02-18T15:29:07","modified_gmt":"2025-02-18T15:29:07","slug":"chlorifix-1kg","status":"publish","type":"product","link":"https:\/\/misterpool-sxm.com\/fr\/produit\/chlorifix-1kg\/","title":{"rendered":"Chlorifix \u00ae 1kg"},"content":{"rendered":"<p>Chlorifix <sub><sup>\u00ae<\/sup><\/sub> est <strong>id\u00e9al pour<\/strong><\/p>\n<p><dfn class=\"onomasticon onomasticon-extra-element onomasticon-orientation-below onomasticon-cursor-default\" tabindex=\"0\" title=\"chlorations chocs\"><button class=\"onomasticon-term-description\" disabled><\/button><\/dfn><dfn class=\"onomasticon onomasticon-extra-element onomasticon-orientation-below onomasticon-cursor-default\" tabindex=\"0\" title=\"chlorations chocs\"><button class=\"onomasticon-term-description\" disabled>,<\/button><\/dfn> en cas de probl\u00e8me. Tr\u00e8s solubles dans l&rsquo;eau, les granul\u00e9s lib\u00e8rent rapidement une grande quantit\u00e9 de chlore actif. Au contact, les micro-organismes responsables de l&rsquo;eau trouble et les algues qui donnent sa couleur verte \u00e0 \u00ab\u00a0l&rsquo;eau qui tourne\u00a0\u00bb sont oxyd\u00e9s. En quelques heures, l <strong>&lsquo;eau de la piscine redevient translucide et saine<\/strong>.<br \/>\nChlorifix contient de l&rsquo;acide isocyanurique et <strong>assure la protection du chlore contre les rayons ultraviolets<\/strong>. Id\u00e9al pour les piscines ext\u00e9rieures et surtout les piscines au sel.    <\/p>\n<p>Gr\u00e2ce \u00e0 l&rsquo;utilisation d&rsquo;une mati\u00e8re premi\u00e8re de haute qualit\u00e9 \u00e0 forte teneur en chlore, Chlorifix <sub><sup>\u00ae<\/sup> <\/sub>g\u00e9n\u00e8re moins de poussi\u00e8re que les granul\u00e9s standard. Une garantie de manipulation s\u00fbre. <\/p>\n<p>Disponible en bo\u00eetes de 1 kg et en seaux de 5 kg, 10 kg et 25 kg (pour les collectivit\u00e9s).<\/p>\n","protected":false},"excerpt":{"rendered":"<p>Granul\u00e9s de chlore de haute qualit\u00e9 pour un traitement choc en cas de probl\u00e8mes d&rsquo;eau (algues vertes, eau trouble, etc.). Apport intensif et rapide de chlore actif. <\/p>\n","protected":false},"featured_media":101511,"comment_status":"open","ping_status":"closed","template":"","meta":{"_et_pb_use_builder":"","_et_pb_old_content":"","_et_gb_content_width":""},"product_cat":[98,111],"product_tag":[],"class_list":{"0":"post-102269","1":"product","2":"type-product","3":"status-publish","4":"has-post-thumbnail","6":"product_cat-traitement-de-leau","7":"product_cat-gamme-particulier","9":"first","10":"instock","11":"shipping-taxable","12":"purchasable","13":"product-type-simple"},"_links":{"self":[{"href":"https:\/\/misterpool-sxm.com\/fr\/wp-json\/wp\/v2\/product\/102269","targetHints":{"allow":["GET"]}}],"collection":[{"href":"https:\/\/misterpool-sxm.com\/fr\/wp-json\/wp\/v2\/product"}],"about":[{"href":"https:\/\/misterpool-sxm.com\/fr\/wp-json\/wp\/v2\/types\/product"}],"replies":[{"embeddable":true,"href":"https:\/\/misterpool-sxm.com\/fr\/wp-json\/wp\/v2\/comments?post=102269"}],"wp:featuredmedia":[{"embeddable":true,"href":"https:\/\/misterpool-sxm.com\/fr\/wp-json\/wp\/v2\/media\/101511"}],"wp:attachment":[{"href":"https:\/\/misterpool-sxm.com\/fr\/wp-json\/wp\/v2\/media?parent=102269"}],"wp:term":[{"taxonomy":"product_cat","embeddable":true,"href":"https:\/\/misterpool-sxm.com\/fr\/wp-json\/wp\/v2\/product_cat?post=102269"},{"taxonomy":"product_tag","embeddable":true,"href":"https:\/\/misterpool-sxm.com\/fr\/wp-json\/wp\/v2\/product_tag?post=102269"}],"curies":[{"name":"wp","href":"https:\/\/api.w.org\/{rel}","templated":true}]}}