{"id":102270,"date":"2025-01-24T19:36:03","date_gmt":"2025-01-24T19:36:03","guid":{"rendered":"https:\/\/misterpool-sxm.com\/product\/alca-plus-10kg\/"},"modified":"2025-02-18T15:20:08","modified_gmt":"2025-02-18T15:20:08","slug":"alca-plus-10kg","status":"publish","type":"product","link":"https:\/\/misterpool-sxm.com\/fr\/produit\/alca-plus-10kg\/","title":{"rendered":"Alca-Plus \u00ae 10kg"},"content":{"rendered":"<p>Alca-Plus <sub><sup>\u00ae<\/sup><\/sub> est <strong>un r\u00e9gulateur de<dfn class=\"onomasticon onomasticon-extra-element onomasticon-orientation-below onomasticon-cursor-default\" tabindex=\"0\" title=\"pH\"><button class=\"onomasticon-term-description\" disabled><\/button><\/dfn><\/strong><\/p>\n<p><dfn class=\"onomasticon onomasticon-extra-element onomasticon-orientation-below onomasticon-cursor-default\" tabindex=\"0\" title=\"pH\"><button class=\"onomasticon-term-description\" disabled><\/button><\/dfn>. Sa composition \u00e0 base de <strong>granul\u00e9s tr\u00e8s fins et purs<\/strong> permet de <strong>r\u00e9guler le taux d&rsquo;humidit\u00e9 dans l&rsquo;air.<dfn class=\"onomasticon onomasticon-extra-element onomasticon-orientation-below onomasticon-cursor-default\" tabindex=\"0\" title=\"ph\"><button class=\"onomasticon-term-description\" disabled><\/button><\/dfn><\/strong> <\/p>\n<p><dfn class=\"onomasticon onomasticon-extra-element onomasticon-orientation-below onomasticon-cursor-default\" tabindex=\"0\" title=\"ph\"><button class=\"onomasticon-term-description\" disabled><\/button><\/dfn>et de <strong>r\u00e9assembler rapidement et efficacement le<dfn class=\"onomasticon onomasticon-extra-element onomasticon-orientation-below onomasticon-cursor-default\" tabindex=\"0\" title=\"TAC\"><button class=\"onomasticon-term-description\" disabled><\/button><\/dfn><\/strong><\/p>\n<p><strong><dfn class=\"onomasticon onomasticon-extra-element onomasticon-orientation-below onomasticon-cursor-default\" tabindex=\"0\" title=\"TAC\"><button class=\"onomasticon-term-description\" disabled><\/button><\/dfn>l&rsquo;eau<\/strong>. Il est \u00e0 la base du <strong>traitement de l&rsquo;eau.<\/strong> Il renforce l&rsquo;\u00e9quilibre hydrique indispensable \u00e0 l&rsquo;efficacit\u00e9 des autres traitements.<\/p>\n<p>Il est <strong>utilis\u00e9 tout au long de la saison<\/strong> si n\u00e9cessaire, et est indispensable en d\u00e9but de saison lors de l&rsquo;<strong>ouverture des piscines<\/strong>, notamment en cas de<dfn class=\"onomasticon onomasticon-extra-element onomasticon-orientation-below onomasticon-cursor-default\" tabindex=\"0\" title=\"pH\"><button class=\"onomasticon-term-description\" disabled><\/button><\/dfn><\/p>\n<p><dfn class=\"onomasticon onomasticon-extra-element onomasticon-orientation-below onomasticon-cursor-default\" tabindex=\"0\" title=\"pH\"><button class=\"onomasticon-term-description\" disabled><\/button><\/dfn>fluctuant et l&rsquo;alcalinit\u00e9 (<dfn class=\"onomasticon onomasticon-extra-element onomasticon-orientation-below onomasticon-cursor-default\" tabindex=\"0\" title=\"TAC\"><button class=\"onomasticon-term-description\" disabled><\/button><\/dfn><\/p>\n<p><dfn class=\"onomasticon onomasticon-extra-element onomasticon-orientation-below onomasticon-cursor-default\" tabindex=\"0\" title=\"TAC\"><button class=\"onomasticon-term-description\" disabled><\/button><\/dfn>) inf\u00e9rieur \u00e0 80 mg\/L.<\/p>\n<p>Disponible en seaux de 5 kg, 10 kg et 25 kg (pour les collectivit\u00e9s)<\/p>\n","protected":false},"excerpt":{"rendered":"<p>R\u00e9gulateur de pH pour piscines sous forme de granul\u00e9s. Dissolution rapide, corrige l&rsquo;instabilit\u00e9 du pH caus\u00e9e par une faible alcalinit\u00e9. Pr\u00e9vient les fluctuations du pH et renforce l&rsquo;\u00e9quilibre de l&rsquo;eau.  <\/p>\n","protected":false},"featured_media":101505,"comment_status":"open","ping_status":"closed","template":"","meta":{"_et_pb_use_builder":"","_et_pb_old_content":"","_et_gb_content_width":""},"product_cat":[98,108],"product_tag":[],"class_list":{"0":"post-102270","1":"product","2":"type-product","3":"status-publish","4":"has-post-thumbnail","6":"product_cat-traitement-de-leau","7":"product_cat-gamme-professionnelle","9":"first","10":"instock","11":"shipping-taxable","12":"purchasable","13":"product-type-simple"},"_links":{"self":[{"href":"https:\/\/misterpool-sxm.com\/fr\/wp-json\/wp\/v2\/product\/102270","targetHints":{"allow":["GET"]}}],"collection":[{"href":"https:\/\/misterpool-sxm.com\/fr\/wp-json\/wp\/v2\/product"}],"about":[{"href":"https:\/\/misterpool-sxm.com\/fr\/wp-json\/wp\/v2\/types\/product"}],"replies":[{"embeddable":true,"href":"https:\/\/misterpool-sxm.com\/fr\/wp-json\/wp\/v2\/comments?post=102270"}],"wp:featuredmedia":[{"embeddable":true,"href":"https:\/\/misterpool-sxm.com\/fr\/wp-json\/wp\/v2\/media\/101505"}],"wp:attachment":[{"href":"https:\/\/misterpool-sxm.com\/fr\/wp-json\/wp\/v2\/media?parent=102270"}],"wp:term":[{"taxonomy":"product_cat","embeddable":true,"href":"https:\/\/misterpool-sxm.com\/fr\/wp-json\/wp\/v2\/product_cat?post=102270"},{"taxonomy":"product_tag","embeddable":true,"href":"https:\/\/misterpool-sxm.com\/fr\/wp-json\/wp\/v2\/product_tag?post=102270"}],"curies":[{"name":"wp","href":"https:\/\/api.w.org\/{rel}","templated":true}]}}