{"id":102273,"date":"2025-01-24T19:39:53","date_gmt":"2025-01-24T19:39:53","guid":{"rendered":"https:\/\/misterpool-sxm.com\/product\/test-rapide-du-sel\/"},"modified":"2025-02-18T18:01:51","modified_gmt":"2025-02-18T18:01:51","slug":"test-rapide-du-sel","status":"publish","type":"product","link":"https:\/\/misterpool-sxm.com\/fr\/produit\/test-rapide-du-sel\/","title":{"rendered":"Test rapide du sel"},"content":{"rendered":"<p>Votre \u00e9lectrolyseur a besoin d&rsquo;une quantit\u00e9 suffisante de sel dans l&rsquo;eau pour fonctionner correctement. <strong>Un niveau de sel incorrect emp\u00eache la production efficace de d\u00e9sinfectant<\/strong>. R\u00e9sultat ? La cellule fonctionne \u00e0 plein r\u00e9gime sans d\u00e9sinfecter l&rsquo;eau. Avec le Salt QuickTest, vous pouvez <strong>ajuster le dosage de sel<\/strong> pour assurer une production suffisante et efficace de d\u00e9sinfectant.   <\/p>\n<p>Disponible en tube de 10 bandes.<\/p>\n","protected":false},"excerpt":{"rendered":"<p>Bandelettes de test sp\u00e9ciales pour piscine au sel. Mesure le niveau de sel dans l&rsquo;eau de 0 \u00e0 7,4 g\/l. <\/p>\n","protected":false},"featured_media":101509,"comment_status":"open","ping_status":"closed","template":"","meta":{"_et_pb_use_builder":"","_et_pb_old_content":"","_et_gb_content_width":""},"product_cat":[98,111],"product_tag":[],"class_list":{"0":"post-102273","1":"product","2":"type-product","3":"status-publish","4":"has-post-thumbnail","6":"product_cat-traitement-de-leau","7":"product_cat-gamme-particulier","9":"first","10":"instock","11":"shipping-taxable","12":"purchasable","13":"product-type-simple"},"_links":{"self":[{"href":"https:\/\/misterpool-sxm.com\/fr\/wp-json\/wp\/v2\/product\/102273","targetHints":{"allow":["GET"]}}],"collection":[{"href":"https:\/\/misterpool-sxm.com\/fr\/wp-json\/wp\/v2\/product"}],"about":[{"href":"https:\/\/misterpool-sxm.com\/fr\/wp-json\/wp\/v2\/types\/product"}],"replies":[{"embeddable":true,"href":"https:\/\/misterpool-sxm.com\/fr\/wp-json\/wp\/v2\/comments?post=102273"}],"wp:featuredmedia":[{"embeddable":true,"href":"https:\/\/misterpool-sxm.com\/fr\/wp-json\/wp\/v2\/media\/101509"}],"wp:attachment":[{"href":"https:\/\/misterpool-sxm.com\/fr\/wp-json\/wp\/v2\/media?parent=102273"}],"wp:term":[{"taxonomy":"product_cat","embeddable":true,"href":"https:\/\/misterpool-sxm.com\/fr\/wp-json\/wp\/v2\/product_cat?post=102273"},{"taxonomy":"product_tag","embeddable":true,"href":"https:\/\/misterpool-sxm.com\/fr\/wp-json\/wp\/v2\/product_tag?post=102273"}],"curies":[{"name":"wp","href":"https:\/\/api.w.org\/{rel}","templated":true}]}}