{"id":102274,"date":"2025-01-24T19:33:55","date_gmt":"2025-01-24T19:33:55","guid":{"rendered":"https:\/\/misterpool-sxm.com\/product\/chloriliquid-20l\/"},"modified":"2025-02-18T15:33:49","modified_gmt":"2025-02-18T15:33:49","slug":"chloriliquid-20l","status":"publish","type":"product","link":"https:\/\/misterpool-sxm.com\/fr\/produit\/chloriliquid-20l\/","title":{"rendered":"Chloriliquid 20L"},"content":{"rendered":"<p>Compos\u00e9 d&rsquo;ingr\u00e9dients actifs de tr\u00e8s haute qualit\u00e9, Chloriliquide contient de l&rsquo;hypochlorite de sodium (extrait d&rsquo;eau de Javel) avec 12% de chlore actif.<\/p>\n<p>Sa formule sp\u00e9cifique comprend un stabilisateur de duret\u00e9 qui <strong>emp\u00eache la formation de calcaire<\/strong> dans le r\u00e9servoir de dilution, au niveau de la cr\u00e9pine d&rsquo;aspiration et du tuyau d&rsquo;injection, ainsi que dans les canalisations.<\/p>\n<p>Le dosage de Chloriliquide doit \u00eatre effectu\u00e9 <strong>par un dispositif de r\u00e9gulation automatique<\/strong>, ou au moyen d&rsquo;une pompe doseuse s\u00e9par\u00e9e.<\/p>\n<p>Disponible en bidons de 10 L et de 20 L (pour les collectivit\u00e9s).<\/p>\n","protected":false},"excerpt":{"rendered":"<p>Liquide concentr\u00e9 \u00e0 base de chlore non stabilis\u00e9 pour une d\u00e9sinfection permanente. Id\u00e9al pour les syst\u00e8mes de r\u00e9gulation automatique. <\/p>\n","protected":false},"featured_media":101503,"comment_status":"open","ping_status":"closed","template":"","meta":{"_et_pb_use_builder":"","_et_pb_old_content":"","_et_gb_content_width":""},"product_cat":[98,108],"product_tag":[],"class_list":{"0":"post-102274","1":"product","2":"type-product","3":"status-publish","4":"has-post-thumbnail","6":"product_cat-traitement-de-leau","7":"product_cat-gamme-professionnelle","9":"first","10":"instock","11":"shipping-taxable","12":"purchasable","13":"product-type-simple"},"_links":{"self":[{"href":"https:\/\/misterpool-sxm.com\/fr\/wp-json\/wp\/v2\/product\/102274","targetHints":{"allow":["GET"]}}],"collection":[{"href":"https:\/\/misterpool-sxm.com\/fr\/wp-json\/wp\/v2\/product"}],"about":[{"href":"https:\/\/misterpool-sxm.com\/fr\/wp-json\/wp\/v2\/types\/product"}],"replies":[{"embeddable":true,"href":"https:\/\/misterpool-sxm.com\/fr\/wp-json\/wp\/v2\/comments?post=102274"}],"wp:featuredmedia":[{"embeddable":true,"href":"https:\/\/misterpool-sxm.com\/fr\/wp-json\/wp\/v2\/media\/101503"}],"wp:attachment":[{"href":"https:\/\/misterpool-sxm.com\/fr\/wp-json\/wp\/v2\/media?parent=102274"}],"wp:term":[{"taxonomy":"product_cat","embeddable":true,"href":"https:\/\/misterpool-sxm.com\/fr\/wp-json\/wp\/v2\/product_cat?post=102274"},{"taxonomy":"product_tag","embeddable":true,"href":"https:\/\/misterpool-sxm.com\/fr\/wp-json\/wp\/v2\/product_tag?post=102274"}],"curies":[{"name":"wp","href":"https:\/\/api.w.org\/{rel}","templated":true}]}}