{"id":102277,"date":"2025-01-24T19:29:16","date_gmt":"2025-01-24T19:29:16","guid":{"rendered":"https:\/\/misterpool-sxm.com\/product\/stabichloran-3kg\/"},"modified":"2025-02-18T16:41:11","modified_gmt":"2025-02-18T16:41:11","slug":"stabichloran-3kg","status":"publish","type":"product","link":"https:\/\/misterpool-sxm.com\/fr\/produit\/stabichloran-3kg\/","title":{"rendered":"Stabichloran\u00ae 3kg"},"content":{"rendered":"<p>Contrairement au chlore contenu dans la plupart des tablettes ou pastilles de chlore, le chlore \u00e0 base d&rsquo;hypochlorite de calcium, tel que Chloryte <strong><sub><sup>\u00ae<\/sup><\/sub><\/strong> \u00e0 base d&rsquo;hypochlorite de sodium comme le Chloriliquide, ou le chlore g\u00e9n\u00e9r\u00e9 par un \u00e9lectrolyseur de sel ne sont pas stabilis\u00e9s.<\/p>\n<p>Leurs mol\u00e9cules ne contiennent pas de stabilisateur. Le stabilisant, ou acide isocyanurique, <strong>prot\u00e8ge le chlore actif<\/strong> de sa destruction naturelle par les rayons UV du soleil. En effet, le chlore dit \u00ab\u00a0non stabilis\u00e9\u00a0\u00bb se d\u00e9grade rapidement lorsqu&rsquo;il est utilis\u00e9 dans une piscine ext\u00e9rieure et perd de son efficacit\u00e9. Cette alt\u00e9ration du chlore n\u00e9cessite d&rsquo;augmenter les dosages du produit. Stabichloran <sub><sup>\u00ae<\/sup><\/sub> limite cette d\u00e9gradation et r\u00e9duit donc la <strong>consommation de chlore<\/strong>.    <\/p>\n<p>Ce produit est id\u00e9al en compl\u00e9ment du traitement par \u00e9lectrolyse du sel.<\/p>\n<p>Disponible en seaux de 3 kg et 25 kg (pour les collectivit\u00e9s).<\/p>\n","protected":false},"excerpt":{"rendered":"<p>Granul\u00e9s destin\u00e9s \u00e0 limiter la destruction du chlore par les rayons UV dans les piscines trait\u00e9es au chlore non stabilis\u00e9.<\/p>\n","protected":false},"featured_media":101499,"comment_status":"open","ping_status":"closed","template":"","meta":{"_et_pb_use_builder":"","_et_pb_old_content":"","_et_gb_content_width":""},"product_cat":[98,111],"product_tag":[],"class_list":{"0":"post-102277","1":"product","2":"type-product","3":"status-publish","4":"has-post-thumbnail","6":"product_cat-traitement-de-leau","7":"product_cat-gamme-particulier","9":"first","10":"instock","11":"shipping-taxable","12":"purchasable","13":"product-type-simple"},"_links":{"self":[{"href":"https:\/\/misterpool-sxm.com\/fr\/wp-json\/wp\/v2\/product\/102277","targetHints":{"allow":["GET"]}}],"collection":[{"href":"https:\/\/misterpool-sxm.com\/fr\/wp-json\/wp\/v2\/product"}],"about":[{"href":"https:\/\/misterpool-sxm.com\/fr\/wp-json\/wp\/v2\/types\/product"}],"replies":[{"embeddable":true,"href":"https:\/\/misterpool-sxm.com\/fr\/wp-json\/wp\/v2\/comments?post=102277"}],"wp:featuredmedia":[{"embeddable":true,"href":"https:\/\/misterpool-sxm.com\/fr\/wp-json\/wp\/v2\/media\/101499"}],"wp:attachment":[{"href":"https:\/\/misterpool-sxm.com\/fr\/wp-json\/wp\/v2\/media?parent=102277"}],"wp:term":[{"taxonomy":"product_cat","embeddable":true,"href":"https:\/\/misterpool-sxm.com\/fr\/wp-json\/wp\/v2\/product_cat?post=102277"},{"taxonomy":"product_tag","embeddable":true,"href":"https:\/\/misterpool-sxm.com\/fr\/wp-json\/wp\/v2\/product_tag?post=102277"}],"curies":[{"name":"wp","href":"https:\/\/api.w.org\/{rel}","templated":true}]}}