{"id":102498,"date":"2025-01-25T10:08:26","date_gmt":"2025-01-25T10:08:26","guid":{"rendered":"https:\/\/misterpool-sxm.com\/product\/manche-telescopique-a-2-sections\/"},"modified":"2025-01-25T10:08:26","modified_gmt":"2025-01-25T10:08:26","slug":"manche-telescopique-a-2-sections","status":"publish","type":"product","link":"https:\/\/misterpool-sxm.com\/fr\/produit\/manche-telescopique-a-2-sections\/","title":{"rendered":"Manche t\u00e9lescopique \u00e0 2 sections"},"content":{"rendered":"<p>Fabriqu\u00e9 en aluminium robuste, ce manche t\u00e9lescopique est <strong>flexible et facile \u00e0 manipuler<\/strong>. L\u00e9ger, il est facile \u00e0 manipuler et peut facilement s&rsquo;\u00e9tendre de 1,5 m \u00e0 4,5 m. Un syst\u00e8me de verrouillage par clip tous les 15 cm vous permet d&rsquo;ajuster facilement sa longueur aux dimensions souhait\u00e9es. Gr\u00e2ce \u00e0 son crochet polyvalent, vous pouvez facilement r\u00e9cup\u00e9rer un tuyau de piscine dans l&rsquo;eau ou ramasser vos sans vous baisser. Son <strong>syst\u00e8me d&rsquo;accroche facile<\/strong> est id\u00e9al pour ajouter votre t\u00eate d&rsquo;aspirateur de piscine, votre skimmer de surface ou de fond, vos brosses murales, d&rsquo;angle et de fond, etc. Dimensions : 3 sections de 1,5m. Livr\u00e9 avec un crochet multi-usages.<\/p>\n","protected":false},"excerpt":{"rendered":"<p>Manche t\u00e9lescopique en aluminium de 4,5 m de long en 3 sections, compatible avec tous les types de balais, d&rsquo;\u00e9puisettes et de brosses de piscine. Inclus : crochet multi-usages. <\/p>\n","protected":false},"featured_media":101537,"comment_status":"open","ping_status":"closed","template":"","meta":{"_et_pb_use_builder":"off","_et_pb_old_content":"Fabriqu\u00e9 en aluminium robuste, ce manche t\u00e9lescopique est <strong>flexible et facile \u00e0 manipuler<\/strong>. L\u00e9ger, il est facile \u00e0 manipuler et peut facilement s'\u00e9tendre de 1,5 m \u00e0 4,5 m. Un syst\u00e8me de verrouillage par clip tous les 15 cm vous permet d'ajuster facilement sa longueur aux dimensions souhait\u00e9es. Gr\u00e2ce \u00e0 son crochet polyvalent, vous pouvez facilement r\u00e9cup\u00e9rer un tuyau de piscine dans l'eau ou ramasser vos d\u00e9chets.   \n\n \n\nsans se baisser. Son <strong>syst\u00e8me d'accrochage facile<\/strong> est id\u00e9al pour ajouter votre t\u00eate d'aspirateur de piscine, votre skimmer de surface ou de fond, vos brosses murales, d'angle et de fond, etc.\nDimensions : 3 sections de 1,5m. Livr\u00e9 avec un crochet multi-usages.  ","_et_gb_content_width":""},"product_cat":[99,111],"product_tag":[],"class_list":{"0":"post-102498","1":"product","2":"type-product","3":"status-publish","4":"has-post-thumbnail","6":"product_cat-accessoires-et-autres","7":"product_cat-gamme-particulier","9":"first","10":"instock","11":"shipping-taxable","12":"purchasable","13":"product-type-simple"},"_links":{"self":[{"href":"https:\/\/misterpool-sxm.com\/fr\/wp-json\/wp\/v2\/product\/102498","targetHints":{"allow":["GET"]}}],"collection":[{"href":"https:\/\/misterpool-sxm.com\/fr\/wp-json\/wp\/v2\/product"}],"about":[{"href":"https:\/\/misterpool-sxm.com\/fr\/wp-json\/wp\/v2\/types\/product"}],"replies":[{"embeddable":true,"href":"https:\/\/misterpool-sxm.com\/fr\/wp-json\/wp\/v2\/comments?post=102498"}],"wp:featuredmedia":[{"embeddable":true,"href":"https:\/\/misterpool-sxm.com\/fr\/wp-json\/wp\/v2\/media\/101537"}],"wp:attachment":[{"href":"https:\/\/misterpool-sxm.com\/fr\/wp-json\/wp\/v2\/media?parent=102498"}],"wp:term":[{"taxonomy":"product_cat","embeddable":true,"href":"https:\/\/misterpool-sxm.com\/fr\/wp-json\/wp\/v2\/product_cat?post=102498"},{"taxonomy":"product_tag","embeddable":true,"href":"https:\/\/misterpool-sxm.com\/fr\/wp-json\/wp\/v2\/product_tag?post=102498"}],"curies":[{"name":"wp","href":"https:\/\/api.w.org\/{rel}","templated":true}]}}